{"id":8475,"date":"2020-07-15T16:26:32","date_gmt":"2020-07-15T16:26:32","guid":{"rendered":"https:\/\/est.eu\/?p=8475"},"modified":"2024-03-28T15:13:24","modified_gmt":"2024-03-28T15:13:24","slug":"kontakt","status":"publish","type":"page","link":"https:\/\/est.eu\/pl\/kontakt\/","title":{"rendered":"Kontakt"},"content":{"rendered":"<h3>Inicjatorzy<\/h3>\n<p><!--more--><\/p>\n<ul>\n<li>Fundacja Zespo\u0142u Budynk\u00f3w Gimnazjum Joachimsthal Templin [Stiftung Geb\u00e4udeensemble Joachimsthalsches Gymnasium Templin]<br \/>\nZarz\u0105d: Henrike Reemtsma (przewodnicz\u0105ca), Gabriele F\u00f6rder-Hoff, Cord Heinichen, dr Arnulf Conradi, Uwe Schmidt by\u0142y cz\u0142onek parlamentu krajowego (wiceprzewodnicz\u0105cy<\/li>\n<li>Wspierane przez stowarzyszenie F\u00f6rderverein Joachimsthalsches Gymnasium Templin e.V.<\/li>\n<li>Rozw\u00f3j pedagogiczny: Cornelia v. Ilsemann, dr Kerstin Tschekan, Barbara Stockmeier, Helga Boldt<\/li>\n<\/ul>\n<p><strong>Kontakt<\/strong><\/p>\n<p>Stine Marie Peisl (Zarz\u0105d komisaryczny)<br \/>\n<a href=\"mailto:peisl@est.eu\"><em>peisl@est.eu<\/em><\/a><\/p>\n<p>Grit Bartelt (Biuro zarz\u0105du)<br \/>\n<a href=\"mailto:bartelt@est.eu\"><em>bartelt@est.eu<\/em><\/a><\/p>\n<p>Yashi Freitag (Asystent ds. komunikacji)<br \/>\n<a href=\"mailto:freitag@est.eu\"><em>freitag@est.eu<\/em><\/a><\/p>\n<p>Kerstin Ischen (Sie\u0107 i komunikacja)<br \/>\n<a href=\"mailto:ischen@est.eu\"><em>ischen@est.eu<\/em><\/a><\/p>\n<p>Daniela Obkircher (Wydarzenia &amp; Ob\u00f3z Letni)<br \/>\n<a href=\"mailto:obkircher@est.eu\"><em>obkircher@est.eu<\/em><br \/>\n<\/a><\/p>\n<p><strong>Fundacja Stiftung Building Ensemble Joachimsthalsches Gymnasium Templin<\/strong><\/p>\n<p>Siedziba \/ Adres pocztowy: Prenzlauer Allee 28, 17268 Templin<\/p>\n<p>+49 39872089450<\/p>\n<p>Biuro projektu \/ Adres pocztowy: Leibnizstr. 86, 10625 Berlin<\/p>\n<p>+49 3020976620<\/p>\n<p><a href=\"mailto:info@est.eu\">info@est.eu<\/a>, <a href=\"http:\/\/www.est.eu\">www.est.eu<\/a><\/p>\n","protected":false},"excerpt":{"rendered":"<p>Inicjatorzy<\/p>\n","protected":false},"author":10,"featured_media":0,"parent":0,"menu_order":0,"comment_status":"closed","ping_status":"closed","template":"","meta":{"footnotes":""},"class_list":["post-8475","page","type-page","status-publish","hentry"],"_links":{"self":[{"href":"https:\/\/est.eu\/pl\/wp-json\/wp\/v2\/pages\/8475","targetHints":{"allow":["GET"]}}],"collection":[{"href":"https:\/\/est.eu\/pl\/wp-json\/wp\/v2\/pages"}],"about":[{"href":"https:\/\/est.eu\/pl\/wp-json\/wp\/v2\/types\/page"}],"author":[{"embeddable":true,"href":"https:\/\/est.eu\/pl\/wp-json\/wp\/v2\/users\/10"}],"replies":[{"embeddable":true,"href":"https:\/\/est.eu\/pl\/wp-json\/wp\/v2\/comments?post=8475"}],"version-history":[{"count":5,"href":"https:\/\/est.eu\/pl\/wp-json\/wp\/v2\/pages\/8475\/revisions"}],"predecessor-version":[{"id":8919,"href":"https:\/\/est.eu\/pl\/wp-json\/wp\/v2\/pages\/8475\/revisions\/8919"}],"wp:attachment":[{"href":"https:\/\/est.eu\/pl\/wp-json\/wp\/v2\/media?parent=8475"}],"curies":[{"name":"wp","href":"https:\/\/api.w.org\/{rel}","templated":true}]}}