{"id":8467,"date":"2024-02-26T16:09:57","date_gmt":"2024-02-26T16:09:57","guid":{"rendered":"https:\/\/est.eu\/?p=8467"},"modified":"2024-03-28T15:20:54","modified_gmt":"2024-03-28T15:20:54","slug":"darowizny","status":"publish","type":"page","link":"https:\/\/est.eu\/pl\/darowizny\/","title":{"rendered":"Darowizny"},"content":{"rendered":"<p><strong>Darowizny<\/strong><\/p>\n<p><strong>Konto darowizny fundacji: <\/strong><\/p>\n<p>Stiftung Geb\u00e4udeensemble Joachimsthalsches Gymnasium Templin<br \/>\nIBAN\u00a0: DE83 1509 1704 3021 2409 57<\/p>\n<p><!--more--><\/p>\n<p>Pa\u0144stwa darowizna zostanie wykorzystana na remont zespo\u0142u budynk\u00f3w gimnazjum Joachimsthal i budow\u0119 szko\u0142y <em>est<\/em>, od projektu budowy a\u017c do uko\u0144czenia budynk\u00f3w. Pokryje ona r\u00f3wnie\u017c cz\u0119\u015b\u0107 koszt\u00f3w organizacyjnych i administracyjnych. Je\u015bli nie okre\u015bl\u0105 Pa\u0144stwo celu darowizny, wykorzystamy j\u0105 tam, gdzie b\u0119dzie najbardziej potrzebna.<\/p>\n","protected":false},"excerpt":{"rendered":"<p>Darowizny Konto darowizny fundacji: Stiftung Geb\u00e4udeensemble Joachimsthalsches Gymnasium Templin IBAN\u00a0: DE83 1509 1704 3021 2409 57<\/p>\n","protected":false},"author":10,"featured_media":0,"parent":0,"menu_order":0,"comment_status":"closed","ping_status":"closed","template":"","meta":{"footnotes":""},"class_list":["post-8467","page","type-page","status-publish","hentry"],"_links":{"self":[{"href":"https:\/\/est.eu\/pl\/wp-json\/wp\/v2\/pages\/8467","targetHints":{"allow":["GET"]}}],"collection":[{"href":"https:\/\/est.eu\/pl\/wp-json\/wp\/v2\/pages"}],"about":[{"href":"https:\/\/est.eu\/pl\/wp-json\/wp\/v2\/types\/page"}],"author":[{"embeddable":true,"href":"https:\/\/est.eu\/pl\/wp-json\/wp\/v2\/users\/10"}],"replies":[{"embeddable":true,"href":"https:\/\/est.eu\/pl\/wp-json\/wp\/v2\/comments?post=8467"}],"version-history":[{"count":6,"href":"https:\/\/est.eu\/pl\/wp-json\/wp\/v2\/pages\/8467\/revisions"}],"predecessor-version":[{"id":9015,"href":"https:\/\/est.eu\/pl\/wp-json\/wp\/v2\/pages\/8467\/revisions\/9015"}],"wp:attachment":[{"href":"https:\/\/est.eu\/pl\/wp-json\/wp\/v2\/media?parent=8467"}],"curies":[{"name":"wp","href":"https:\/\/api.w.org\/{rel}","templated":true}]}}