{"id":8465,"date":"2024-02-26T16:10:19","date_gmt":"2024-02-26T16:10:19","guid":{"rendered":"https:\/\/est.eu\/?p=8465"},"modified":"2024-03-28T14:19:45","modified_gmt":"2024-03-28T14:19:45","slug":"templin","status":"publish","type":"page","link":"https:\/\/est.eu\/pl\/templin\/","title":{"rendered":"Templin"},"content":{"rendered":"\n<style type=\"text\/css\" data-created_by=\"avia_inline_auto\" id=\"style-css-av-ltpq4mbz-4f3efc9dca57d9d1aa5e8edd94da750c\">\n.avia-section.av-ltpq4mbz-4f3efc9dca57d9d1aa5e8edd94da750c{\nbackground-repeat:no-repeat;\nbackground-image:url(https:\/\/est.eu\/wp-content\/uploads\/2024\/03\/head_Templin.jpg);\nbackground-position:50% 0%;\nbackground-attachment:scroll;\n}\n<\/style>\n<div id='av_section_1'  class='avia-section av-ltpq4mbz-4f3efc9dca57d9d1aa5e8edd94da750c main_color avia-section-default avia-no-border-styling  avia-builder-el-0  el_before_av_textblock  avia-builder-el-first  avia-full-stretch avia-bg-style-scroll av-minimum-height av-minimum-height-custom av-height-custom  container_wrap sidebar_left'  data-section-bg-repeat='stretch' data-av_minimum_height_px='400'><div class='container av-section-cont-open' style='height:400px'><main  role=\"main\" itemprop=\"mainContentOfPage\"  class='template-page content  av-content-small units'><div class='post-entry post-entry-type-page post-entry-8465'><div class='entry-content-wrapper clearfix'><\/div><\/div><\/main><!-- close content main element --><\/div><\/div><div id='after_section_1'  class='main_color av_default_container_wrap container_wrap sidebar_left'  ><div class='container av-section-cont-open' ><div class='template-page content  av-content-small units'><div class='post-entry post-entry-type-page post-entry-8465'><div class='entry-content-wrapper clearfix'>\n<section  class='av_textblock_section av-lu1b8mt9-81a12e8c370b7280f4429b0cc09ec58a '   itemscope=\"itemscope\" itemtype=\"https:\/\/schema.org\/CreativeWork\" ><div class='avia_textblock'  itemprop=\"text\" ><h3>TEMPLIN &#8211; Idealna lokalizacja: Zabytkowy zesp\u00f3\u0142 budynk\u00f3w gimnazjum Joachimsthal<\/h3>\n<p><!--more--><\/p>\n<ul>\n<li>Zesp\u00f3\u0142 budynk\u00f3w dawnego gimnazjum Joachimsthal, wykorzystanie wyj\u0105tkowej historycznej, geograficznej i architektonicznej pozycji wyj\u015bciowej.<\/li>\n<li>350 lat tradycji edukacyjnej &#8211; Humboldt opracowa\u0142 niemieck\u0105 matur\u0119 w gimnazjum Joachimsthal.<\/li>\n<li>Rozleg\u0142y zesp\u00f3\u0142 budynk\u00f3w nad jeziorem, wpisany na list\u0119 zabytk\u00f3w, posiadaj\u0105cy status \u201enarodowo cennego zabytku kultury\u201c.<\/li>\n<li>Wsparcie polityczne i spo\u0142eczne na wszystkich poziomach.<\/li>\n<\/ul>\n<p><strong>Finansowanie i budowa<\/strong><\/p>\n<ul>\n<li>32 miliony euro od rz\u0105du federalnego, 20 milion\u00f3w euro od kraju zwi\u0105zkowego Brandenburgia i ponad 15 milion\u00f3w euro prywatnych darowizn na remont.<\/li>\n<li>Dofinansowanie z Niemieckiej Fundacji Ochrony Zabytk\u00f3w.<\/li>\n<li>Zapotrzebowanie: 60 mln euro na nowe innowacyjne budynki, od prywatnych darczy\u0144c\u00f3w i poprzez inne wnioski o dofinansowanie.<\/li>\n<li>Marzec 2021: rozpocz\u0119cie gruntownego remontu dachu, kompleksowy remont od 2024 roku<\/li>\n<\/ul>\n<\/div><\/section>\n","protected":false},"excerpt":{"rendered":"<p>TEMPLIN &#8211; Idealna lokalizacja: Zabytkowy zesp\u00f3\u0142 budynk\u00f3w gimnazjum Joachimsthal<\/p>\n","protected":false},"author":10,"featured_media":0,"parent":0,"menu_order":0,"comment_status":"closed","ping_status":"closed","template":"","meta":{"footnotes":""},"class_list":["post-8465","page","type-page","status-publish","hentry"],"_links":{"self":[{"href":"https:\/\/est.eu\/pl\/wp-json\/wp\/v2\/pages\/8465","targetHints":{"allow":["GET"]}}],"collection":[{"href":"https:\/\/est.eu\/pl\/wp-json\/wp\/v2\/pages"}],"about":[{"href":"https:\/\/est.eu\/pl\/wp-json\/wp\/v2\/types\/page"}],"author":[{"embeddable":true,"href":"https:\/\/est.eu\/pl\/wp-json\/wp\/v2\/users\/10"}],"replies":[{"embeddable":true,"href":"https:\/\/est.eu\/pl\/wp-json\/wp\/v2\/comments?post=8465"}],"version-history":[{"count":3,"href":"https:\/\/est.eu\/pl\/wp-json\/wp\/v2\/pages\/8465\/revisions"}],"predecessor-version":[{"id":8830,"href":"https:\/\/est.eu\/pl\/wp-json\/wp\/v2\/pages\/8465\/revisions\/8830"}],"wp:attachment":[{"href":"https:\/\/est.eu\/pl\/wp-json\/wp\/v2\/media?parent=8465"}],"curies":[{"name":"wp","href":"https:\/\/api.w.org\/{rel}","templated":true}]}}