{"id":8463,"date":"2024-02-26T16:10:56","date_gmt":"2024-02-26T16:10:56","guid":{"rendered":"https:\/\/est.eu\/?p=8463"},"modified":"2024-03-28T15:14:27","modified_gmt":"2024-03-28T15:14:27","slug":"europa","status":"publish","type":"page","link":"https:\/\/est.eu\/pl\/europa\/","title":{"rendered":"Europa"},"content":{"rendered":"\n<style type=\"text\/css\" data-created_by=\"avia_inline_auto\" id=\"style-css-av-ltpq2p73-5cb4bfcdd21c1e8aa0112ca49607daef\">\n.avia-section.av-ltpq2p73-5cb4bfcdd21c1e8aa0112ca49607daef{\nbackground-repeat:no-repeat;\nbackground-image:url(https:\/\/est.eu\/wp-content\/uploads\/2024\/03\/head_Europa.jpg);\nbackground-position:50% 0%;\nbackground-attachment:scroll;\n}\n<\/style>\n<div id='av_section_1'  class='avia-section av-ltpq2p73-5cb4bfcdd21c1e8aa0112ca49607daef main_color avia-section-default avia-no-border-styling  avia-builder-el-0  el_before_av_textblock  avia-builder-el-first  avia-full-stretch avia-bg-style-scroll av-minimum-height av-minimum-height-custom av-height-custom  container_wrap sidebar_left'  data-section-bg-repeat='stretch' data-av_minimum_height_px='400'><div class='container av-section-cont-open' style='height:400px'><main  role=\"main\" itemprop=\"mainContentOfPage\"  class='template-page content  av-content-small units'><div class='post-entry post-entry-type-page post-entry-8463'><div class='entry-content-wrapper clearfix'><\/div><\/div><\/main><!-- close content main element --><\/div><\/div><div id='after_section_1'  class='main_color av_default_container_wrap container_wrap sidebar_left'  ><div class='container av-section-cont-open' ><div class='template-page content  av-content-small units'><div class='post-entry post-entry-type-page post-entry-8463'><div class='entry-content-wrapper clearfix'>\n<section  class='av_textblock_section av-lu1amalt-4d17b1497ed6101228f3c4a752c50dcf '   itemscope=\"itemscope\" itemtype=\"https:\/\/schema.org\/CreativeWork\" ><div class='avia_textblock'  itemprop=\"text\" ><p>EUROPA<\/p>\n<p><!--more--><\/p>\n<ul>\n<li>Brexit, autokratyczne d\u0105\u017cenia, wojna na kontynencie europejskim. To w\u0142a\u015bnie tutaj wkraczamy ze szko\u0142\u0105 est. Pok\u00f3j, dobrobyt i bezpiecze\u0144stwo w Europie. Poprzez edukacj\u0119. Poprzez wsp\u00f3lnot\u0119.<\/li>\n<li>Europa w miniaturze: est b\u0119dzie wyj\u0105tkow\u0105 szko\u0142\u0105 dla Niemiec Wschodnich i Europy. Miejscem, w kt\u00f3rym przysz\u0142e pokolenia Europejczyk\u00f3w b\u0119d\u0105 razem \u017cy\u0107 i uczy\u0107 si\u0119, gdzie m\u0142odzi ludzie b\u0119d\u0105 poznawa\u0107 Europ\u0119 i przejmowa\u0107 jej warto\u015bci oraz r\u00f3\u017cnorodno\u015bci jako co\u015b oczywistego.<\/li>\n<\/ul>\n<\/div><\/section>\n","protected":false},"excerpt":{"rendered":"<p>EUROPA<\/p>\n","protected":false},"author":10,"featured_media":0,"parent":0,"menu_order":0,"comment_status":"closed","ping_status":"closed","template":"","meta":{"footnotes":""},"class_list":["post-8463","page","type-page","status-publish","hentry"],"_links":{"self":[{"href":"https:\/\/est.eu\/pl\/wp-json\/wp\/v2\/pages\/8463","targetHints":{"allow":["GET"]}}],"collection":[{"href":"https:\/\/est.eu\/pl\/wp-json\/wp\/v2\/pages"}],"about":[{"href":"https:\/\/est.eu\/pl\/wp-json\/wp\/v2\/types\/page"}],"author":[{"embeddable":true,"href":"https:\/\/est.eu\/pl\/wp-json\/wp\/v2\/users\/10"}],"replies":[{"embeddable":true,"href":"https:\/\/est.eu\/pl\/wp-json\/wp\/v2\/comments?post=8463"}],"version-history":[{"count":5,"href":"https:\/\/est.eu\/pl\/wp-json\/wp\/v2\/pages\/8463\/revisions"}],"predecessor-version":[{"id":9007,"href":"https:\/\/est.eu\/pl\/wp-json\/wp\/v2\/pages\/8463\/revisions\/9007"}],"wp:attachment":[{"href":"https:\/\/est.eu\/pl\/wp-json\/wp\/v2\/media?parent=8463"}],"curies":[{"name":"wp","href":"https:\/\/api.w.org\/{rel}","templated":true}]}}