{"id":8461,"date":"2024-02-26T16:11:28","date_gmt":"2024-02-26T16:11:28","guid":{"rendered":"https:\/\/est.eu\/?p=8461"},"modified":"2024-03-28T14:36:08","modified_gmt":"2024-03-28T14:36:08","slug":"szkola","status":"publish","type":"page","link":"https:\/\/est.eu\/pl\/szkola\/","title":{"rendered":"SZKO\u0141A"},"content":{"rendered":"\n<style type=\"text\/css\" data-created_by=\"avia_inline_auto\" id=\"style-css-av-ltppl9tz-9b51be14ec36bc507fd80c3659220274\">\n.avia-section.av-ltppl9tz-9b51be14ec36bc507fd80c3659220274{\nbackground-repeat:no-repeat;\nbackground-image:url(https:\/\/est.eu\/wp-content\/uploads\/2024\/03\/Schule_Schule_fuerAlle.jpg);\nbackground-position:50% 0%;\nbackground-attachment:scroll;\n}\n<\/style>\n<div id='av_section_1'  class='avia-section av-ltppl9tz-9b51be14ec36bc507fd80c3659220274 main_color avia-section-default avia-no-border-styling  avia-builder-el-0  el_before_av_textblock  avia-builder-el-first  avia-full-stretch avia-bg-style-scroll av-minimum-height av-minimum-height-custom av-height-custom  container_wrap sidebar_left'  data-section-bg-repeat='stretch' data-av_minimum_height_px='400'><div class='container av-section-cont-open' style='height:400px'><main  role=\"main\" itemprop=\"mainContentOfPage\"  class='template-page content  av-content-small units'><div class='post-entry post-entry-type-page post-entry-8461'><div class='entry-content-wrapper clearfix'><\/div><\/div><\/main><!-- close content main element --><\/div><\/div><div id='after_section_1'  class='main_color av_default_container_wrap container_wrap sidebar_left'  ><div class='container av-section-cont-open' ><div class='template-page content  av-content-small units'><div class='post-entry post-entry-type-page post-entry-8461'><div class='entry-content-wrapper clearfix'>\n<section  class='av_textblock_section av-lu1azslc-4940e193bd4f355add3237ec29c6fdef '   itemscope=\"itemscope\" itemtype=\"https:\/\/schema.org\/CreativeWork\" ><div class='avia_textblock'  itemprop=\"text\" ><p>SZKO\u0141A<\/p>\n<p><!--more--><\/p>\n<ul>\n<li>Europa i pok\u00f3j, wolno\u015b\u0107 i odpowiedzialno\u015b\u0107 to kluczowe tematy w est. Tematy te znajduj\u0105 wyj\u0105tkowe odzwierciedlenie w programie szkolnym, architekturze, spo\u0142eczno\u015bci i est jako instytucji edukacyjnej r\u00f3wnie\u017c w dziedzinie nauki i kultury.<\/li>\n<li>Kluczowe zagadnienia europejskie i Kompas Edukacyjny OECD 2030 charakteryzuj\u0105 program nauczania, interdyscyplinarne profile nauczania i spo\u0142eczno\u015b\u0107 szkoln\u0105.<\/li>\n<li>450 uczni\u00f3w z ca\u0142ej Europy b\u0119dzie uczy\u0107 si\u0119 w przysz\u0142o\u015bciowych formatach i przestrzeniach edukacyjnych o swoim europejskim dziedzictwie, jak kszta\u0142towa\u0107 przysz\u0142o\u015b\u0107 Europy i jak utrzyma\u0107 pok\u00f3j.<\/li>\n<li>Nauka w ramach zindywidualizowanych \u015bcie\u017cek edukacyjnych, elastyczne struktury nauczania i odpowiedzialno\u015b\u0107 za w\u0142asne cele.<\/li>\n<li>Interdyscyplinarne projekty zach\u0119c\u0105 uczni\u00f3w do wsp\u00f3\u0142pracy, a poprzez integracj\u0119 rzemios\u0142a, kultury i nauki, kampus est b\u0119dzie wykracza\u0142 poza swoje ramy.<\/li>\n<li>Szko\u0142a dla wszystkich: r\u00f3\u017cnorodno\u015b\u0107 spo\u0142eczna uczni\u00f3w dzi\u0119ki stypendiom i czesnemu uzale\u017cnionemu od dochod\u00f3w.<\/li>\n<\/ul>\n<\/div><\/section>\n","protected":false},"excerpt":{"rendered":"<p>SZKO\u0141A<\/p>\n","protected":false},"author":10,"featured_media":0,"parent":0,"menu_order":0,"comment_status":"closed","ping_status":"closed","template":"","meta":{"footnotes":""},"class_list":["post-8461","page","type-page","status-publish","hentry"],"_links":{"self":[{"href":"https:\/\/est.eu\/pl\/wp-json\/wp\/v2\/pages\/8461","targetHints":{"allow":["GET"]}}],"collection":[{"href":"https:\/\/est.eu\/pl\/wp-json\/wp\/v2\/pages"}],"about":[{"href":"https:\/\/est.eu\/pl\/wp-json\/wp\/v2\/types\/page"}],"author":[{"embeddable":true,"href":"https:\/\/est.eu\/pl\/wp-json\/wp\/v2\/users\/10"}],"replies":[{"embeddable":true,"href":"https:\/\/est.eu\/pl\/wp-json\/wp\/v2\/comments?post=8461"}],"version-history":[{"count":5,"href":"https:\/\/est.eu\/pl\/wp-json\/wp\/v2\/pages\/8461\/revisions"}],"predecessor-version":[{"id":9000,"href":"https:\/\/est.eu\/pl\/wp-json\/wp\/v2\/pages\/8461\/revisions\/9000"}],"wp:attachment":[{"href":"https:\/\/est.eu\/pl\/wp-json\/wp\/v2\/media?parent=8461"}],"curies":[{"name":"wp","href":"https:\/\/api.w.org\/{rel}","templated":true}]}}