{"id":8414,"date":"2024-02-26T16:10:56","date_gmt":"2024-02-26T16:10:56","guid":{"rendered":"https:\/\/est.eu\/?p=8414"},"modified":"2024-03-13T11:29:00","modified_gmt":"2024-03-13T11:29:00","slug":"europe","status":"publish","type":"page","link":"https:\/\/est.eu\/fr\/europe\/","title":{"rendered":"Europe"},"content":{"rendered":"\n<style type=\"text\/css\" data-created_by=\"avia_inline_auto\" id=\"style-css-av-ltppx0vx-b538c5c35983a4ae209f76450a6569d3\">\n.avia-section.av-ltppx0vx-b538c5c35983a4ae209f76450a6569d3{\nbackground-repeat:no-repeat;\nbackground-image:url(https:\/\/est.eu\/wp-content\/uploads\/2024\/03\/head_Europa.jpg);\nbackground-position:50% 0%;\nbackground-attachment:scroll;\n}\n<\/style>\n<div id='av_section_1'  class='avia-section av-ltppx0vx-b538c5c35983a4ae209f76450a6569d3 main_color avia-section-default avia-no-border-styling  avia-builder-el-0  el_before_av_textblock  avia-builder-el-first  avia-full-stretch avia-bg-style-scroll av-minimum-height av-minimum-height-custom av-height-custom  container_wrap sidebar_left'  data-section-bg-repeat='stretch' data-av_minimum_height_px='400'><div class='container av-section-cont-open' style='height:400px'><main  role=\"main\" itemprop=\"mainContentOfPage\"  class='template-page content  av-content-small units'><div class='post-entry post-entry-type-page post-entry-8414'><div class='entry-content-wrapper clearfix'><\/div><\/div><\/main><!-- close content main element --><\/div><\/div><div id='after_section_1'  class='main_color av_default_container_wrap container_wrap sidebar_left'  ><div class='container av-section-cont-open' ><div class='template-page content  av-content-small units'><div class='post-entry post-entry-type-page post-entry-8414'><div class='entry-content-wrapper clearfix'>\n<section  class='av_textblock_section av-lsvwxhj3-ff9930b3f43f3e462c077b400f5c61b2 '   itemscope=\"itemscope\" itemtype=\"https:\/\/schema.org\/CreativeWork\" ><div class='avia_textblock'  itemprop=\"text\" ><p>EUROPE<\/p>\n<p><!--more--><\/p>\n<ul>\n<li>Brexit, aspirations autocratiques, guerre sur le continent europ\u00e9en\u00a0: l\u2019<em>est<\/em> aura pr\u00e9cis\u00e9ment son r\u00f4le \u00e0 jouer dans ce contexte. En faveur de la paix, de la prosp\u00e9rit\u00e9 et de la s\u00e9curit\u00e9 en Europe. Gr\u00e2ce \u00e0 l\u2019\u00e9ducation et au vivre-ensemble.<\/li>\n<li>L\u2019Europe \u00e0 petite \u00e9chelle\u00a0: l\u2019<em>est<\/em> sera une \u00e9cole unique pour l\u2019est de l\u2019Allemagne et pour l\u2019Europe. Un lieu o\u00f9 les g\u00e9n\u00e9rations futures d\u2019Europ\u00e9ennes et d\u2019Europ\u00e9ens vivront et apprendront ensemble, o\u00f9 les jeunes gens d\u00e9couvriront et assimileront tout naturellement l\u2019Europe, ses valeurs et sa diversit\u00e9.<\/li>\n<\/ul>\n<\/div><\/section>\n","protected":false},"excerpt":{"rendered":"<p>EUROPE<\/p>\n","protected":false},"author":10,"featured_media":0,"parent":0,"menu_order":0,"comment_status":"closed","ping_status":"closed","template":"","meta":{"footnotes":""},"class_list":["post-8414","page","type-page","status-publish","hentry"],"_links":{"self":[{"href":"https:\/\/est.eu\/fr\/wp-json\/wp\/v2\/pages\/8414","targetHints":{"allow":["GET"]}}],"collection":[{"href":"https:\/\/est.eu\/fr\/wp-json\/wp\/v2\/pages"}],"about":[{"href":"https:\/\/est.eu\/fr\/wp-json\/wp\/v2\/types\/page"}],"author":[{"embeddable":true,"href":"https:\/\/est.eu\/fr\/wp-json\/wp\/v2\/users\/10"}],"replies":[{"embeddable":true,"href":"https:\/\/est.eu\/fr\/wp-json\/wp\/v2\/comments?post=8414"}],"version-history":[{"count":4,"href":"https:\/\/est.eu\/fr\/wp-json\/wp\/v2\/pages\/8414\/revisions"}],"predecessor-version":[{"id":9103,"href":"https:\/\/est.eu\/fr\/wp-json\/wp\/v2\/pages\/8414\/revisions\/9103"}],"wp:attachment":[{"href":"https:\/\/est.eu\/fr\/wp-json\/wp\/v2\/media?parent=8414"}],"curies":[{"name":"wp","href":"https:\/\/api.w.org\/{rel}","templated":true}]}}