{"id":8404,"date":"2024-02-26T16:10:19","date_gmt":"2024-02-26T16:10:19","guid":{"rendered":"https:\/\/est.eu\/?p=8404"},"modified":"2024-03-13T11:29:55","modified_gmt":"2024-03-13T11:29:55","slug":"templin","status":"publish","type":"page","link":"https:\/\/est.eu\/fr\/templin\/","title":{"rendered":"Templin"},"content":{"rendered":"\n<style type=\"text\/css\" data-created_by=\"avia_inline_auto\" id=\"style-css-av-ltppyjcv-607a2ff46c287f4957cf7843108e745b\">\n.avia-section.av-ltppyjcv-607a2ff46c287f4957cf7843108e745b{\nbackground-repeat:no-repeat;\nbackground-image:url(https:\/\/est.eu\/wp-content\/uploads\/2024\/03\/head_Templin.jpg);\nbackground-position:50% 0%;\nbackground-attachment:scroll;\n}\n<\/style>\n<div id='av_section_1'  class='avia-section av-ltppyjcv-607a2ff46c287f4957cf7843108e745b main_color avia-section-default avia-no-border-styling  avia-builder-el-0  el_before_av_textblock  avia-builder-el-first  avia-full-stretch avia-bg-style-scroll av-minimum-height av-minimum-height-custom av-height-custom  container_wrap sidebar_left'  data-section-bg-repeat='stretch' data-av_minimum_height_px='400'><div class='container av-section-cont-open' style='height:400px'><main  role=\"main\" itemprop=\"mainContentOfPage\"  class='template-page content  av-content-small units'><div class='post-entry post-entry-type-page post-entry-8404'><div class='entry-content-wrapper clearfix'><\/div><\/div><\/main><!-- close content main element --><\/div><\/div><div id='after_section_1'  class='main_color av_default_container_wrap container_wrap sidebar_left'  ><div class='container av-section-cont-open' ><div class='template-page content  av-content-small units'><div class='post-entry post-entry-type-page post-entry-8404'><div class='entry-content-wrapper clearfix'>\n<section  class='av_textblock_section av-lsvwxhj3-ff9930b3f43f3e462c077b400f5c61b2 '   itemscope=\"itemscope\" itemtype=\"https:\/\/schema.org\/CreativeWork\" ><div class='avia_textblock'  itemprop=\"text\" ><h3>TEMPLIN &#8211; un site id\u00e9al : ensemble de b\u00e2timents historiques du lyc\u00e9e de Joachimsthal<\/h3>\n<p><!--more--><\/p>\n<ul>\n<li>Utilisation de l\u2019ensemble de b\u00e2timents de l\u2019ancien lyc\u00e9e de Joachimsthal comme point de d\u00e9part unique sur le plan historique, g\u00e9ographique et architectural.<\/li>\n<li>350\u00a0ans de tradition d\u2019enseignement\u00a0: c\u2019est au lyc\u00e9e de Joachimsthal que gr\u00e2ce \u00e0 Humboldt, l\u2019<em>Abitur<\/em> (baccalaur\u00e9at allemand) est n\u00e9.<\/li>\n<li>Au bord d\u2019un lac, un vaste ensemble de b\u00e2timents, class\u00e9 \u00ab\u00a0monument historique d\u2019int\u00e9r\u00eat national\u00a0\u00bb.<\/li>\n<li>Soutien politique et social \u00e0 tous les niveaux.<\/li>\n<\/ul>\n<p><strong>Financements et construction<\/strong><\/p>\n<ul>\n<li>32\u00a0millions d\u2019euros de l\u2019\u00c9tat f\u00e9d\u00e9ral, 20\u00a0millions d\u2019euros du Land de Brandebourg et plus de 15\u00a0millions d\u2019euros de dons priv\u00e9s ont \u00e9t\u00e9 r\u00e9colt\u00e9s pour la r\u00e9novation.<\/li>\n<li>Subvention de la Fondation allemande pour la protection des monuments (Deutsche Stiftung Denkmalschutz).<\/li>\n<li>Financements \u00e0 r\u00e9unir\u00a0: 60\u00a0millions d\u2019euros pour des b\u00e2timents neufs innovants, \u00e0 financer par des donateurs priv\u00e9s et d\u2019autres demandes de subventions.<\/li>\n<li>Mars\u00a02021\u00a0: d\u00e9marrage de la r\u00e9novation compl\u00e8te du toit, r\u00e9novation totale \u00e0 partir de 2024.<\/li>\n<\/ul>\n<\/div><\/section>\n","protected":false},"excerpt":{"rendered":"<p>TEMPLIN &#8211; un site id\u00e9al : ensemble de b\u00e2timents historiques du lyc\u00e9e de Joachimsthal<\/p>\n","protected":false},"author":10,"featured_media":0,"parent":0,"menu_order":0,"comment_status":"closed","ping_status":"closed","template":"","meta":{"footnotes":""},"class_list":["post-8404","page","type-page","status-publish","hentry"],"_links":{"self":[{"href":"https:\/\/est.eu\/fr\/wp-json\/wp\/v2\/pages\/8404","targetHints":{"allow":["GET"]}}],"collection":[{"href":"https:\/\/est.eu\/fr\/wp-json\/wp\/v2\/pages"}],"about":[{"href":"https:\/\/est.eu\/fr\/wp-json\/wp\/v2\/types\/page"}],"author":[{"embeddable":true,"href":"https:\/\/est.eu\/fr\/wp-json\/wp\/v2\/users\/10"}],"replies":[{"embeddable":true,"href":"https:\/\/est.eu\/fr\/wp-json\/wp\/v2\/comments?post=8404"}],"version-history":[{"count":5,"href":"https:\/\/est.eu\/fr\/wp-json\/wp\/v2\/pages\/8404\/revisions"}],"predecessor-version":[{"id":8509,"href":"https:\/\/est.eu\/fr\/wp-json\/wp\/v2\/pages\/8404\/revisions\/8509"}],"wp:attachment":[{"href":"https:\/\/est.eu\/fr\/wp-json\/wp\/v2\/media?parent=8404"}],"curies":[{"name":"wp","href":"https:\/\/api.w.org\/{rel}","templated":true}]}}