{"id":8399,"date":"2024-02-26T16:11:28","date_gmt":"2024-02-26T16:11:28","guid":{"rendered":"https:\/\/est.eu\/?p=8399"},"modified":"2024-03-13T11:18:34","modified_gmt":"2024-03-13T11:18:34","slug":"scolarite","status":"publish","type":"page","link":"https:\/\/est.eu\/fr\/scolarite\/","title":{"rendered":"SCOLARIT\u00c9"},"content":{"rendered":"\n<style type=\"text\/css\" data-created_by=\"avia_inline_auto\" id=\"style-css-av-ltpoyzlv-dd0023daa6ae27b78b72e95178985f03\">\n.avia-section.av-ltpoyzlv-dd0023daa6ae27b78b72e95178985f03{\nbackground-repeat:no-repeat;\nbackground-image:url(https:\/\/est.eu\/wp-content\/uploads\/2024\/03\/Schule_Schule_fuerAlle.jpg);\nbackground-position:50% 0%;\nbackground-attachment:scroll;\n}\n<\/style>\n<div id='av_section_1'  class='avia-section av-ltpoyzlv-dd0023daa6ae27b78b72e95178985f03 main_color avia-section-default avia-no-border-styling  avia-builder-el-0  el_before_av_textblock  avia-builder-el-first  avia-full-stretch avia-bg-style-scroll av-minimum-height av-minimum-height-custom av-height-custom  container_wrap sidebar_left'  data-section-bg-repeat='stretch' data-av_minimum_height_px='400'><div class='container av-section-cont-open' style='height:400px'><main  role=\"main\" itemprop=\"mainContentOfPage\"  class='template-page content  av-content-small units'><div class='post-entry post-entry-type-page post-entry-8399'><div class='entry-content-wrapper clearfix'><\/div><\/div><\/main><!-- close content main element --><\/div><\/div><div id='after_section_1'  class='main_color av_default_container_wrap container_wrap sidebar_left'  ><div class='container av-section-cont-open' ><div class='template-page content  av-content-small units'><div class='post-entry post-entry-type-page post-entry-8399'><div class='entry-content-wrapper clearfix'>\n<section  class='av_textblock_section av-lsvwxhj3-ff9930b3f43f3e462c077b400f5c61b2 '   itemscope=\"itemscope\" itemtype=\"https:\/\/schema.org\/CreativeWork\" ><div class='avia_textblock'  itemprop=\"text\" ><p>SCOLARIT\u00c9<\/p>\n<p><!--more--><\/p>\n<ul>\n<li>L\u2019Europe et la paix, la libert\u00e9 et la responsabilit\u00e9 sont les grands th\u00e8mes de l\u2019<em>est<\/em>. Ils se refl\u00e8tent de mani\u00e8re unique dans le programme scolaire, l\u2019architecture, le vivre-ensemble, et \u00e0 l\u2019<em>est<\/em> qui se veut \u00e9galement un \u00e9tablissement de formation pour la science et la culture.<\/li>\n<li>Les questions cl\u00e9s europ\u00e9ennes et la boussole de l\u2019apprentissage 2030 de l\u2019OCDE se retrouvent dans le programme d\u2019\u00e9tudes et les profils d\u2019apprentissage interdisciplinaires auxquels adh\u00e8re la communaut\u00e9 \u00e9ducative.<\/li>\n<li>450\u00a0\u00e9l\u00e8ves en provenance de toute l\u2019Europe d\u00e9couvrent leur h\u00e9ritage europ\u00e9en dans des formats d\u2019apprentissage et des espaces innovants, apprennent \u00e0 fa\u00e7onner l\u2019avenir de l\u2019Europe et \u00e0 pr\u00e9server la paix.<\/li>\n<li>Un apprentissage dans le cadre de parcours de formation individuels, de structures d\u2019enseignement flexibles et en \u00e9tant responsable de ses propres objectifs.<\/li>\n<li>Les projets interdisciplinaires favorisent l\u2019action collective des \u00e9l\u00e8ves\u00a0; l\u2019int\u00e9gration de l\u2019artisanat, de la culture et de la science permet au campus de l\u2019<em>est<\/em> de rayonner bien au-del\u00e0 de ses murs.<\/li>\n<li>Une \u00e9cole pour toutes et pour tous\u00a0: une mixit\u00e9 sociale gr\u00e2ce \u00e0 des bourses et des frais de scolarit\u00e9 calcul\u00e9s en fonction des revenus.<\/li>\n<\/ul>\n<\/div><\/section>\n","protected":false},"excerpt":{"rendered":"<p>SCOLARIT\u00c9<\/p>\n","protected":false},"author":10,"featured_media":0,"parent":0,"menu_order":0,"comment_status":"closed","ping_status":"closed","template":"","meta":{"footnotes":""},"class_list":["post-8399","page","type-page","status-publish","hentry"],"_links":{"self":[{"href":"https:\/\/est.eu\/fr\/wp-json\/wp\/v2\/pages\/8399","targetHints":{"allow":["GET"]}}],"collection":[{"href":"https:\/\/est.eu\/fr\/wp-json\/wp\/v2\/pages"}],"about":[{"href":"https:\/\/est.eu\/fr\/wp-json\/wp\/v2\/types\/page"}],"author":[{"embeddable":true,"href":"https:\/\/est.eu\/fr\/wp-json\/wp\/v2\/users\/10"}],"replies":[{"embeddable":true,"href":"https:\/\/est.eu\/fr\/wp-json\/wp\/v2\/comments?post=8399"}],"version-history":[{"count":5,"href":"https:\/\/est.eu\/fr\/wp-json\/wp\/v2\/pages\/8399\/revisions"}],"predecessor-version":[{"id":8578,"href":"https:\/\/est.eu\/fr\/wp-json\/wp\/v2\/pages\/8399\/revisions\/8578"}],"wp:attachment":[{"href":"https:\/\/est.eu\/fr\/wp-json\/wp\/v2\/media?parent=8399"}],"curies":[{"name":"wp","href":"https:\/\/api.w.org\/{rel}","templated":true}]}}