{"id":8391,"date":"2024-02-26T16:09:57","date_gmt":"2024-02-26T16:09:57","guid":{"rendered":"https:\/\/est.eu\/?p=8391"},"modified":"2024-03-11T12:42:05","modified_gmt":"2024-03-11T12:42:05","slug":"faire-un-don","status":"publish","type":"page","link":"https:\/\/est.eu\/fr\/faire-un-don\/","title":{"rendered":"Faire un don"},"content":{"rendered":"<p><strong>Compte bancaire pour les dons : <\/strong><\/p>\n<p>Stiftung Geb\u00e4udeensemble Joachimsthalsches Gymnasium Templin<br \/>\nIBAN\u00a0: DE83 1509 1704 3021 2409 57<\/p>\n<p><!--more--><\/p>\n<p>Votre don servira au financement de la r\u00e9novation de l\u2019ensemble des b\u00e2timents du lyc\u00e9e de Joachimsthal et \u00e0 l\u2019\u00e9dification de l\u2019\u00e9tablissement <em>est<\/em>, de la conception \u00e0 l\u2019ach\u00e8vement des b\u00e2timents. Ils couvriront \u00e9galement au prorata les frais d\u2019organisation et d\u2019administration. Sans indication de votre part quant \u00e0 l\u2019utilisation de votre don, celui-ci sera affect\u00e9 au financement le plus pertinent.<\/p>\n","protected":false},"excerpt":{"rendered":"<p>Compte bancaire pour les dons : Stiftung Geb\u00e4udeensemble Joachimsthalsches Gymnasium Templin IBAN\u00a0: DE83 1509 1704 3021 2409 57<\/p>\n","protected":false},"author":10,"featured_media":0,"parent":0,"menu_order":0,"comment_status":"closed","ping_status":"closed","template":"","meta":{"footnotes":""},"class_list":["post-8391","page","type-page","status-publish","hentry"],"_links":{"self":[{"href":"https:\/\/est.eu\/fr\/wp-json\/wp\/v2\/pages\/8391","targetHints":{"allow":["GET"]}}],"collection":[{"href":"https:\/\/est.eu\/fr\/wp-json\/wp\/v2\/pages"}],"about":[{"href":"https:\/\/est.eu\/fr\/wp-json\/wp\/v2\/types\/page"}],"author":[{"embeddable":true,"href":"https:\/\/est.eu\/fr\/wp-json\/wp\/v2\/users\/10"}],"replies":[{"embeddable":true,"href":"https:\/\/est.eu\/fr\/wp-json\/wp\/v2\/comments?post=8391"}],"version-history":[{"count":3,"href":"https:\/\/est.eu\/fr\/wp-json\/wp\/v2\/pages\/8391\/revisions"}],"predecessor-version":[{"id":8822,"href":"https:\/\/est.eu\/fr\/wp-json\/wp\/v2\/pages\/8391\/revisions\/8822"}],"wp:attachment":[{"href":"https:\/\/est.eu\/fr\/wp-json\/wp\/v2\/media?parent=8391"}],"curies":[{"name":"wp","href":"https:\/\/api.w.org\/{rel}","templated":true}]}}