{"id":8386,"date":"2020-07-15T16:26:32","date_gmt":"2020-07-15T16:26:32","guid":{"rendered":"https:\/\/est.eu\/?p=8386"},"modified":"2024-02-26T16:12:49","modified_gmt":"2024-02-26T16:12:49","slug":"contact","status":"publish","type":"page","link":"https:\/\/est.eu\/fr\/contact\/","title":{"rendered":"Contact"},"content":{"rendered":"<h3>Acteurs \u00e0 l\u2019initiative du projet<\/h3>\n<p><!--more--><\/p>\n<ul>\n<li>La fondation Stiftung Geb\u00e4udeensemble Joachimsthalsches Gymnasium Templin<br \/>\nConseil d\u2019administration : Henrike Reemtsma (pr\u00e9sidente), Gabriele F\u00f6rder-Hoff, Cord Heinichen, Arnulf Conradi, Uwe Schmidt, ancien membre du Landtag (pr\u00e9sident adjoint)<\/li>\n<li>Avec le soutien de l\u2019association F\u00f6rderverein Joachimsthalsches Gymnasium Templin e.V.<\/li>\n<li>Conception du projet p\u00e9dagogique\u00a0: Cornelia v. Ilsemann, Kerstin Tschekan, Barbara Stockmeier, Helga Boldt<\/li>\n<\/ul>\n<p><strong>Contact<\/strong><\/p>\n<p>Stine Marie Peisl (direction par interim)<br \/>\n<a href=\"mailto:peisl@est.eu\"><em>peisl@est.eu<\/em><\/a><\/p>\n<p>Grit Bartelt (gestion administrative)<br \/>\n<a href=\"mailto:bartelt@est.eu\"><em>bartelt@est.eu<\/em><\/a><\/p>\n<p>Yashi Freitag (assistante en communication)<br \/>\n<a href=\"mailto:freitag@est.eu\"><em>freitag@est.eu<\/em><\/a><\/p>\n<p>Kerstin Ischen (r\u00e9seaux et communication)<br \/>\n<a href=\"mailto:ischen@est.eu\"><em>ischen@est.eu<\/em><\/a><\/p>\n<p>Daniela Obkircher (manifestations et camps d\u2019\u00e9t\u00e9)<br \/>\n<a href=\"mailto:obkircher@est.eu\"><em>obkircher@est.eu<\/em><br \/>\n<\/a><\/p>\n<p><strong>Stiftung Geb\u00e4udeensemble Joachimsthalsches Gymnasium Templin<\/strong><\/p>\n<p>Si\u00e8ge\/adresse postale\u00a0: Prenzlauer Allee 28, 17268 Templin<\/p>\n<p>+49 39872089450<\/p>\n<p>Bureau Berlin\/adresse postale\u00a0: Leibnizstr. 86, 10625 Berlin<\/p>\n<p>+49 3020976620<\/p>\n<p><a href=\"mailto:info@est.eu\">info@est.eu<\/a>, <a href=\"http:\/\/www.est.eu\">www.est.eu<\/a><\/p>\n","protected":false},"excerpt":{"rendered":"<p>Acteurs \u00e0 l\u2019initiative du projet<\/p>\n","protected":false},"author":10,"featured_media":0,"parent":0,"menu_order":0,"comment_status":"closed","ping_status":"closed","template":"","meta":{"footnotes":""},"class_list":["post-8386","page","type-page","status-publish","hentry"],"_links":{"self":[{"href":"https:\/\/est.eu\/fr\/wp-json\/wp\/v2\/pages\/8386","targetHints":{"allow":["GET"]}}],"collection":[{"href":"https:\/\/est.eu\/fr\/wp-json\/wp\/v2\/pages"}],"about":[{"href":"https:\/\/est.eu\/fr\/wp-json\/wp\/v2\/types\/page"}],"author":[{"embeddable":true,"href":"https:\/\/est.eu\/fr\/wp-json\/wp\/v2\/users\/10"}],"replies":[{"embeddable":true,"href":"https:\/\/est.eu\/fr\/wp-json\/wp\/v2\/comments?post=8386"}],"version-history":[{"count":7,"href":"https:\/\/est.eu\/fr\/wp-json\/wp\/v2\/pages\/8386\/revisions"}],"predecessor-version":[{"id":8817,"href":"https:\/\/est.eu\/fr\/wp-json\/wp\/v2\/pages\/8386\/revisions\/8817"}],"wp:attachment":[{"href":"https:\/\/est.eu\/fr\/wp-json\/wp\/v2\/media?parent=8386"}],"curies":[{"name":"wp","href":"https:\/\/api.w.org\/{rel}","templated":true}]}}