{"id":7921,"date":"2020-06-02T20:16:53","date_gmt":"2020-06-02T20:16:53","guid":{"rendered":"https:\/\/est.eu\/unterstuetzen\/foerderverein\/"},"modified":"2025-05-12T10:35:57","modified_gmt":"2025-05-12T10:35:57","slug":"foerderverein","status":"publish","type":"page","link":"https:\/\/est.eu\/en\/support-us\/foerderverein\/","title":{"rendered":"F\u00f6rderverein"},"content":{"rendered":"\n<style type=\"text\/css\" data-created_by=\"avia_inline_auto\" id=\"style-css-av-lk9ql7q0-072880c3248ca08e76f4fadb856bdab0\">\n.avia-section.av-lk9ql7q0-072880c3248ca08e76f4fadb856bdab0{\nbackground-repeat:no-repeat;\nbackground-image:url(https:\/\/est.eu\/wp-content\/uploads\/2023\/07\/Stiftung_Veranstaltungen1.jpg);\nbackground-position:50% 0%;\nbackground-attachment:scroll;\n}\n<\/style>\n<div id='av_section_1'  class='avia-section av-lk9ql7q0-072880c3248ca08e76f4fadb856bdab0 main_color avia-section-default avia-no-border-styling  avia-builder-el-0  el_before_av_one_full  avia-builder-el-first  avia-full-stretch avia-bg-style-scroll av-minimum-height av-minimum-height-custom av-height-custom  container_wrap sidebar_left'  data-section-bg-repeat='stretch' data-av_minimum_height_px='400'><div class='container av-section-cont-open' style='height:400px'><main  role=\"main\" itemprop=\"mainContentOfPage\"  class='template-page content  av-content-small units'><div class='post-entry post-entry-type-page post-entry-7921'><div class='entry-content-wrapper clearfix'><\/div><\/div><\/main><!-- close content main element --><\/div><\/div><div id='after_section_1'  class='main_color av_default_container_wrap container_wrap sidebar_left'  ><div class='container av-section-cont-open' ><div class='template-page content  av-content-small units'><div class='post-entry post-entry-type-page post-entry-7921'><div class='entry-content-wrapper clearfix'>\n<div  class='flex_column av-f9ld0-53136f4efe3f4a19a3fd27996094eecd av_one_full  avia-builder-el-1  el_after_av_section  avia-builder-el-no-sibling  first flex_column_div  '     ><section  class='av_textblock_section av-2whed0-dde18ff9d3bccdfb3f1637c552421028 '   itemscope=\"itemscope\" itemtype=\"https:\/\/schema.org\/CreativeWork\" ><div class='avia_textblock'  itemprop=\"text\" ><h1>Der F\u00f6rderverein<\/h1>\n<h2>Direkt in Templin<\/h2>\n<p>Ziele des Vereins sind die F\u00f6rderung von Kunst und Kultur, des Denkmalschutzes und der Denkmalpflege, des b\u00fcrgerschaftlichen Engagements zugunsten gemeinn\u00fctziger Zwecke. Insbesondere ergreift der Verein Ma\u00dfnahmen, um auf die Erhaltensw\u00fcrdigkeit des Schulensembles aufmerksam zu machen und die Wiederbelebung des Schulstandortes zu f\u00f6rdern. Hierzu f\u00fchrt der Verein seit 2014 regelm\u00e4\u00dfig Veranstaltungen, Ausstellungen und Fachtagungen sowie Arbeitseins\u00e4tze und F\u00fchrungen durch. Au\u00dferdem betreibt er intensiv \u00d6ffentlichkeitsarbeit, um das Anliegen einer Schulneugr\u00fcndung zu unterst\u00fctzen.<\/p>\n<p><strong>Satzung<\/strong><br \/>\n<a href=\"https:\/\/est.eu\/wp-content\/uploads\/2023\/07\/satzung_fv_joachimsthalschesgymnasium_templin_11.01.14.pdf\" target=\"_blank\" rel=\"noopener\">Zur Satzung des F\u00f6rderverein Joachimsthalsches Gymnasium Templin e.V.<\/a><\/p>\n<p>Ariane B\u00f6ttcher<br \/>\nGabriel Dobersch<br \/>\nSteffen Glatz<br \/>\nDr. Wolfram G\u00f6hre (Vors.)<br \/>\nFranziska M\u00fcller<br \/>\nOve Sachse<br \/>\nJana Tattenberg<\/p>\n<p><strong>Spendenkonto<\/strong><br \/>\nSparkasse Uckermark<br \/>\nIBAN DE22170560600101009666<br \/>\nBIC WELADED1UMP<\/p>\n<p>F\u00fcr Spenden unter 300 \u20ac erhalten Sie <a href=\"https:\/\/est.eu\/wp-content\/uploads\/2023\/07\/Vereinf.Spendennachweis_Jan2023.pdf\" target=\"_blank\" rel=\"noopener\">Ihre vereinfachte Spendenbescheinigung \u00bb<\/a><\/p>\n<p>Sie m\u00f6chten direkt in Templin helfen? Werden Sie <a href=\"https:\/\/est.eu\/wp-content\/uploads\/2023\/07\/20190902_Antrag_auf_Mitgliedschaft_frdrvrn.pdf\" target=\"_blank\" rel=\"noopener\">Mitglied im F\u00f6rderverein \u00bb<\/a><\/p>\n<p><a href=\"https:\/\/www.facebook.com\/F%C3%B6rderverein-Joachimsthalsches-Gymnasium-Templin-805226659560988\/\" target=\"_blank\" rel=\"noopener noreferrer\">Der F\u00f6rderverein auf Facebook \u00bb<\/a><\/p>\n<p><strong>Kontakt<\/strong><br \/>\nF\u00f6rderverein Joachimsthalsches Gymnasium e.V.<br \/>\nPrenzlauer Allee 28<br \/>\n17268 Templin<br \/>\nTel. 03987\/2009 885<br \/>\n<a href=\"mailto:foerderverein-jgt@est.eu\">foerderverein-jgt@est.eu<\/a><br \/>\n<a href=\"https:\/\/www.foerderverein-jgt.de\/\" target=\"_blank\" rel=\"noopener\">https:\/\/www.foerderverein-jgt.de\/<\/a><\/p>\n<\/div><\/section><\/div>\n","protected":false},"excerpt":{"rendered":"","protected":false},"author":12,"featured_media":0,"parent":7900,"menu_order":30,"comment_status":"closed","ping_status":"closed","template":"","meta":{"footnotes":""},"class_list":["post-7921","page","type-page","status-publish","hentry"],"_links":{"self":[{"href":"https:\/\/est.eu\/en\/wp-json\/wp\/v2\/pages\/7921","targetHints":{"allow":["GET"]}}],"collection":[{"href":"https:\/\/est.eu\/en\/wp-json\/wp\/v2\/pages"}],"about":[{"href":"https:\/\/est.eu\/en\/wp-json\/wp\/v2\/types\/page"}],"author":[{"embeddable":true,"href":"https:\/\/est.eu\/en\/wp-json\/wp\/v2\/users\/12"}],"replies":[{"embeddable":true,"href":"https:\/\/est.eu\/en\/wp-json\/wp\/v2\/comments?post=7921"}],"version-history":[{"count":8,"href":"https:\/\/est.eu\/en\/wp-json\/wp\/v2\/pages\/7921\/revisions"}],"predecessor-version":[{"id":10353,"href":"https:\/\/est.eu\/en\/wp-json\/wp\/v2\/pages\/7921\/revisions\/10353"}],"up":[{"embeddable":true,"href":"https:\/\/est.eu\/en\/wp-json\/wp\/v2\/pages\/7900"}],"wp:attachment":[{"href":"https:\/\/est.eu\/en\/wp-json\/wp\/v2\/media?parent=7921"}],"curies":[{"name":"wp","href":"https:\/\/api.w.org\/{rel}","templated":true}]}}